{"id":736,"date":"2023-11-27T01:41:19","date_gmt":"2023-11-26T23:41:19","guid":{"rendered":"https:\/\/primariaturburea.ro\/website_test\/?page_id=736"},"modified":"2023-12-02T23:04:37","modified_gmt":"2023-12-02T21:04:37","slug":"istoric","status":"publish","type":"page","link":"https:\/\/www.primariaturburea.ro\/index.php\/istoric\/","title":{"rendered":"Istoric"},"content":{"rendered":"\t\t<div data-elementor-type=\"wp-page\" data-elementor-id=\"736\" class=\"elementor elementor-736\">\n\t\t\t\t<div class=\"elementor-element elementor-element-1f0e53b e-flex e-con-boxed e-con e-parent\" data-id=\"1f0e53b\" data-element_type=\"container\">\n\t\t\t\t\t<div class=\"e-con-inner\">\n\t\t\t\t<div class=\"elementor-element elementor-element-230bcf9 elementor-widget elementor-widget-heading\" data-id=\"230bcf9\" data-element_type=\"widget\" data-widget_type=\"heading.default\">\n\t\t\t\t<div class=\"elementor-widget-container\">\n\t\t\t<style>\/*! elementor - v3.23.0 - 15-07-2024 *\/\n.elementor-heading-title{padding:0;margin:0;line-height:1}.elementor-widget-heading .elementor-heading-title[class*=elementor-size-]>a{color:inherit;font-size:inherit;line-height:inherit}.elementor-widget-heading .elementor-heading-title.elementor-size-small{font-size:15px}.elementor-widget-heading .elementor-heading-title.elementor-size-medium{font-size:19px}.elementor-widget-heading .elementor-heading-title.elementor-size-large{font-size:29px}.elementor-widget-heading .elementor-heading-title.elementor-size-xl{font-size:39px}.elementor-widget-heading .elementor-heading-title.elementor-size-xxl{font-size:59px}<\/style><h2 class=\"elementor-heading-title elementor-size-default\">Istoric<\/h2>\t\t<\/div>\n\t\t\t\t<\/div>\n\t\t\t\t\t<\/div>\n\t\t\t\t<\/div>\n\t\t<div class=\"elementor-element elementor-element-295f91c e-flex e-con-boxed e-con e-parent\" data-id=\"295f91c\" data-element_type=\"container\">\n\t\t\t\t\t<div class=\"e-con-inner\">\n\t\t\t\t<div class=\"elementor-element elementor-element-60bd5d5 elementor-widget elementor-widget-spacer\" data-id=\"60bd5d5\" data-element_type=\"widget\" data-widget_type=\"spacer.default\">\n\t\t\t\t<div class=\"elementor-widget-container\">\n\t\t\t<style>\/*! elementor - v3.23.0 - 15-07-2024 *\/\n.elementor-column .elementor-spacer-inner{height:var(--spacer-size)}.e-con{--container-widget-width:100%}.e-con-inner>.elementor-widget-spacer,.e-con>.elementor-widget-spacer{width:var(--container-widget-width,var(--spacer-size));--align-self:var(--container-widget-align-self,initial);--flex-shrink:0}.e-con-inner>.elementor-widget-spacer>.elementor-widget-container,.e-con>.elementor-widget-spacer>.elementor-widget-container{height:100%;width:100%}.e-con-inner>.elementor-widget-spacer>.elementor-widget-container>.elementor-spacer,.e-con>.elementor-widget-spacer>.elementor-widget-container>.elementor-spacer{height:100%}.e-con-inner>.elementor-widget-spacer>.elementor-widget-container>.elementor-spacer>.elementor-spacer-inner,.e-con>.elementor-widget-spacer>.elementor-widget-container>.elementor-spacer>.elementor-spacer-inner{height:var(--container-widget-height,var(--spacer-size))}.e-con-inner>.elementor-widget-spacer.elementor-widget-empty,.e-con>.elementor-widget-spacer.elementor-widget-empty{position:relative;min-height:22px;min-width:22px}.e-con-inner>.elementor-widget-spacer.elementor-widget-empty .elementor-widget-empty-icon,.e-con>.elementor-widget-spacer.elementor-widget-empty .elementor-widget-empty-icon{position:absolute;top:0;bottom:0;left:0;right:0;margin:auto;padding:0;width:22px;height:22px}<\/style>\t\t<div class=\"elementor-spacer\">\n\t\t\t<div class=\"elementor-spacer-inner\"><\/div>\n\t\t<\/div>\n\t\t\t\t<\/div>\n\t\t\t\t<\/div>\n\t\t\t\t\t<\/div>\n\t\t\t\t<\/div>\n\t\t<div class=\"elementor-element elementor-element-1b9f65f4 e-flex e-con-boxed e-con e-parent\" data-id=\"1b9f65f4\" data-element_type=\"container\">\n\t\t\t\t\t<div class=\"e-con-inner\">\n\t\t\t\t<div class=\"elementor-element elementor-element-fc099eb elementor-widget elementor-widget-text-editor\" data-id=\"fc099eb\" data-element_type=\"widget\" data-widget_type=\"text-editor.default\">\n\t\t\t\t<div class=\"elementor-widget-container\">\n\t\t\t<style>\/*! elementor - v3.23.0 - 15-07-2024 *\/\n.elementor-widget-text-editor.elementor-drop-cap-view-stacked .elementor-drop-cap{background-color:#69727d;color:#fff}.elementor-widget-text-editor.elementor-drop-cap-view-framed .elementor-drop-cap{color:#69727d;border:3px solid;background-color:transparent}.elementor-widget-text-editor:not(.elementor-drop-cap-view-default) .elementor-drop-cap{margin-top:8px}.elementor-widget-text-editor:not(.elementor-drop-cap-view-default) .elementor-drop-cap-letter{width:1em;height:1em}.elementor-widget-text-editor .elementor-drop-cap{float:left;text-align:center;line-height:1;font-size:50px}.elementor-widget-text-editor .elementor-drop-cap-letter{display:inline-block}<\/style>\t\t\t\t<p><!-- wp:heading --><\/p>\n<p>Din lips\u0103 de surse scrise, pentru a reconstitui c\u00e2t de c\u00e2t trecutul, s-a f\u0103cut uz de o surs\u0103 care nu poart\u0103 integral pecetea adev\u0103rului: tradi\u0163ia oral\u0103. Denumirea toponimic\u0103, povestirea oral\u0103, c\u00e2ntecul popular \u015fi legenda, sunt elemente care vin \u00een sprijinul reconstituirii relative a continuit\u0103\u0163ii a\u015fez\u0103rilor omene\u015fti de ast\u0103zi. Descoperirile arheologice f\u0103cute p\u00e2n\u0103 acum, demonstreaz\u0103 c\u0103 via\u0163a a existat pe aceste meleaguri de mii de ani, cele mai vechi urme dat\u00e2nd din perioada trecerii de la neolitic la epoca bronzului. \u00cen timpul form\u0103rii poporului rom\u00e2n \u015fi a statului \u0162ara Rom\u00e2neasc\u0103, via\u0163a a continuat s\u0103-\u015fi depene existen\u0163a \u015fi-n col\u0163ul acesta de \u0163ar\u0103.<\/p>\n<p><!-- \/wp:paragraph --><!-- wp:paragraph --><\/p>\n<p><strong>Prima atestare documentar\u0103 scris\u0103<\/strong>\u00a0a localit\u0103\u0163ii Turburea o g\u0103sim \u00eentr-un hristov al lui Radu cel Mare, domn al \u0162\u0103rii Rom\u00e2ne\u015fti \u00een anul 1502.\u00cen anul 1619, domnitorul Radu \u015eerban semneaz\u0103 un act de proprietate lui Stanislav Ot Turbore, atest\u00e2nd cump\u0103r\u0103turile f\u0103cute \u00een bani: vite, cear\u0103, vin \u015fi bucate.<\/p>\n<p><!-- \/wp:paragraph --><!-- wp:paragraph --><\/p>\n<p>Un alt document din anul 1620 \u00eenregistreaz\u0103 v\u00e2nzarea unei mo\u015fteniri din satul Sipotul, actul fiind semnat la Turburea, \u00een care se dau \u015fi alte detalii.<\/p>\n<p><!-- \/wp:paragraph --><!-- wp:paragraph --><\/p>\n<p>Una din primele consemn\u0103ri scrise despre o descoperire arheologic\u0103 \u00een zon\u0103, dateaz\u0103 din anul 1942: \u00een repertoriul publicat de D. Berciu, despre unelte de piatr\u0103 \u015flefuit\u0103 atribuite epocii neolitice, este men\u0163ionat\u0103 \u015fi \u201co secure de la Turburea\u201c.<\/p>\n<p><!-- \/wp:paragraph --><!-- wp:paragraph --><\/p>\n<p>Descoperirile arheologice f\u0103cute dup\u0103 1970 pe teritoriul comunei, \u201cafirm\u0103 cu t\u0103rie c\u0103 via\u0163a omeneasc\u0103 a cunoscut manifest\u0103ri din plin pe aceste meleaguri, \u00eenc\u0103 din timpul comunei primitive\u201c. \u00cen ordinea descoperirii lor, punctele distincte ce amintesc de existen\u0163a unor vechi a\u015fez\u0103ri omene\u015fti sunt:<\/p>\n<p><!-- \/wp:paragraph --><!-- wp:image {\"align\":\"right\",\"id\":148} --><\/p>\n<figure class=\"wp-block-image alignright\"><\/figure>\n<p><!-- \/wp:image --><!-- wp:paragraph --><!-- \/wp:paragraph --><!-- wp:paragraph --><\/p>\n<p><!-- \/wp:paragraph --><\/p>\t\t\t\t\t\t<\/div>\n\t\t\t\t<\/div>\n\t\t\t\t\t<\/div>\n\t\t\t\t<\/div>\n\t\t<div class=\"elementor-element elementor-element-414e346 e-flex e-con-boxed e-con e-parent\" data-id=\"414e346\" data-element_type=\"container\">\n\t\t\t\t\t<div class=\"e-con-inner\">\n\t\t<div class=\"elementor-element elementor-element-869de2a e-con-full e-flex e-con e-child\" data-id=\"869de2a\" data-element_type=\"container\">\n\t\t\t\t<div class=\"elementor-element elementor-element-df5fd03 elementor-widget elementor-widget-text-editor\" data-id=\"df5fd03\" data-element_type=\"widget\" data-widget_type=\"text-editor.default\">\n\t\t\t\t<div class=\"elementor-widget-container\">\n\t\t\t\t\t\t\t<p>\u2013\u00a0<strong>Paji\u015fte<\/strong>, pe Valea Stroii, la circa 250 m nord de \u201cBalta Floric\u0103i\u201d, unde s-a g\u0103sit ceramic\u0103 fragmentar\u0103, cu ornamente caracteristice perioadei dacice din sec. II-I a.H. Situarea lor \u00een malul drept al p\u00e2r\u00e2ului Oache\u015fu, \u00een straturi dispuse p\u00e2n\u0103 la circa 1 m ad\u00e2ncime, duce la ipoteza c\u0103 au fost aduse aici \u00eempreun\u0103 cu aluviuni, de c\u0103tre ape, nu se \u015ftie de unde, terenurile cu puncte ceramice din \u00eemprejurimi av\u00e2nd versantul \u015fi direc\u0163ia de curgere spre alt\u0103 direc\u0163ie.<\/p>\n<p>\u2013\u00a0<strong>S\u0103li\u015fte<\/strong>, \u00een apropierea izvoarelor de la \u201cEle\u015fteu\u201d, unde, pe o lungime spre nord \u015fi sud de circa 300 m, s-au g\u0103sit mai multe obiecte ceramice. Ulterior, la 150 m spre est de izvoare, \u00een timpul s\u0103p\u0103rii unor gropi pentru plantat vie, a fost g\u0103sit\u0103 o ulcic\u0103 de circa 1 litru, la 40-50 cm ad\u00e2ncime (expus\u0103 la muzeul \u015fcolii Turburea) \u015fi tot aici, \u00een timpul s\u0103p\u0103rii unei gropi \u00een actualul cimitir extins, s-a g\u0103sit un vas de circa 1,5 litri, apar\u0163in\u00e2nd \u201cCulturii Co\u0163ofeni\u201d, caracteristic\u0103 tranzi\u0163iei de la neolitic la epoca bronzului (1800 a.H., vas preluat de c\u0103tre Muzeul Jude\u0163ean Gorj). \u00cen toamna anului 1974, la circa 50 m nord-est de izvoare, \u00een timpul excava\u0163iilor pentru formarea unui lac piscicol, s-au g\u0103sit o mul\u0163ime de fragmente ceramice, mai reprezentativ\u0103 fiind o fusaiol\u0103.<\/p>\t\t\t\t\t\t<\/div>\n\t\t\t\t<\/div>\n\t\t\t\t<\/div>\n\t\t<div class=\"elementor-element elementor-element-97bc990 e-con-full e-flex e-con e-child\" data-id=\"97bc990\" data-element_type=\"container\">\n\t\t\t\t<div class=\"elementor-element elementor-element-84f893e elementor-widget elementor-widget-spacer\" data-id=\"84f893e\" data-element_type=\"widget\" data-widget_type=\"spacer.default\">\n\t\t\t\t<div class=\"elementor-widget-container\">\n\t\t\t\t\t<div class=\"elementor-spacer\">\n\t\t\t<div class=\"elementor-spacer-inner\"><\/div>\n\t\t<\/div>\n\t\t\t\t<\/div>\n\t\t\t\t<\/div>\n\t\t\t\t<div class=\"elementor-element elementor-element-12d8584 elementor-widget elementor-widget-image\" data-id=\"12d8584\" data-element_type=\"widget\" data-widget_type=\"image.default\">\n\t\t\t\t<div class=\"elementor-widget-container\">\n\t\t\t<style>\/*! elementor - v3.23.0 - 15-07-2024 *\/\n.elementor-widget-image{text-align:center}.elementor-widget-image a{display:inline-block}.elementor-widget-image a img[src$=\".svg\"]{width:48px}.elementor-widget-image img{vertical-align:middle;display:inline-block}<\/style>\t\t\t\t\t\t\t\t\t\t<img fetchpriority=\"high\" decoding=\"async\" width=\"261\" height=\"193\" src=\"https:\/\/www.primariaturburea.ro\/wp-content\/uploads\/2023\/12\/istoric.jpg\" class=\"attachment-large size-large wp-image-1829\" alt=\"\" \/>\t\t\t\t\t\t\t\t\t\t\t\t\t<\/div>\n\t\t\t\t<\/div>\n\t\t\t\t<\/div>\n\t\t\t\t\t<\/div>\n\t\t\t\t<\/div>\n\t\t<div class=\"elementor-element elementor-element-da746b0 e-flex e-con-boxed e-con e-parent\" data-id=\"da746b0\" data-element_type=\"container\">\n\t\t\t\t\t<div class=\"e-con-inner\">\n\t\t<div class=\"elementor-element elementor-element-27bf52e e-con-full e-flex e-con e-child\" data-id=\"27bf52e\" data-element_type=\"container\">\n\t\t\t\t<div class=\"elementor-element elementor-element-8d18597 elementor-widget elementor-widget-spacer\" data-id=\"8d18597\" data-element_type=\"widget\" data-widget_type=\"spacer.default\">\n\t\t\t\t<div class=\"elementor-widget-container\">\n\t\t\t\t\t<div class=\"elementor-spacer\">\n\t\t\t<div class=\"elementor-spacer-inner\"><\/div>\n\t\t<\/div>\n\t\t\t\t<\/div>\n\t\t\t\t<\/div>\n\t\t\t\t<div class=\"elementor-element elementor-element-106e11b elementor-widget elementor-widget-image\" data-id=\"106e11b\" data-element_type=\"widget\" data-widget_type=\"image.default\">\n\t\t\t\t<div class=\"elementor-widget-container\">\n\t\t\t\t\t\t\t\t\t\t\t\t\t<img decoding=\"async\" width=\"108\" height=\"143\" src=\"https:\/\/www.primariaturburea.ro\/wp-content\/uploads\/2023\/12\/istoric-2.jpg\" class=\"attachment-large size-large wp-image-1830\" alt=\"\" \/>\t\t\t\t\t\t\t\t\t\t\t\t\t<\/div>\n\t\t\t\t<\/div>\n\t\t\t\t<\/div>\n\t\t<div class=\"elementor-element elementor-element-5060155 e-con-full e-flex e-con e-child\" data-id=\"5060155\" data-element_type=\"container\">\n\t\t\t\t<div class=\"elementor-element elementor-element-a058ef8 elementor-widget elementor-widget-text-editor\" data-id=\"a058ef8\" data-element_type=\"widget\" data-widget_type=\"text-editor.default\">\n\t\t\t\t<div class=\"elementor-widget-container\">\n\t\t\t\t\t\t\t<p>\u2013\u00a0<span style=\"font-weight: bolder;\">Comoara<\/span>, circa 1000 m sud de S\u0103li\u015fte, \u00een jurul izvoarelor de la \u201cCotul Popii\u201d, pe platforma inferioar\u0103, la circa 200 m spre vest de \u015foseaua jude\u0163ean\u0103, pe o arie \u00een form\u0103 de semicerc cu raza de circa 100 m s-au g\u0103sit fragmente ceramice atribuite epocii bronzului (1500 a.H.).<\/p>\n<p>\u2013\u00a0<span style=\"font-weight: bolder;\">C\u00e2mpul Spahiului<\/span>, unde \u00een octombrie 1974, ar\u0103turile de 0,70 m efectuate pentru desfundarea terenului \u00een vederea plant\u0103rii vi\u0163ei de vie, au scos la iveal\u0103 pete \u015fi bulg\u0103ri de cenu\u015f\u0103, fragmente mici de oase, fragmente ceramice, o urn\u0103, buc\u0103\u0163i de fier \u015fi fragmente de l\u0103nci. Cercet\u0103rile de salvare efectuate de speciali\u015fti ai Muzeului Jude\u0163ean Gorj (Petre Gherghe \u015f.a.), cu participarea elevilor de la \u015fcolile \u015eipotu, Turburea \u015fi Poiana, au pus \u00een eviden\u0163\u0103: o necropol\u0103 de incinera\u0163ie compus\u0103 dintr-un rug de incinera\u0163ie \u015fi 29 morminte plane, cu inventar bogat; 33 locuin\u0163e tip bordei, 22 gropi pentru p\u0103strarea proviziilor \u015fi 16 gropi menajere, \u00een total 71 obiective constituite \u00eentr-o a\u015fezare de tip geto-dac, prima de acest fel descoperit\u0103 \u00een jude\u0163ul Gorj, dat\u00e2nd din sec. II-I a.H.4).<\/p>\t\t\t\t\t\t<\/div>\n\t\t\t\t<\/div>\n\t\t\t\t<\/div>\n\t\t\t\t\t<\/div>\n\t\t\t\t<\/div>\n\t\t<div class=\"elementor-element elementor-element-2c9d137 e-flex e-con-boxed e-con e-parent\" data-id=\"2c9d137\" data-element_type=\"container\">\n\t\t\t\t\t<div class=\"e-con-inner\">\n\t\t<div class=\"elementor-element elementor-element-8aa89ae e-con-full e-flex e-con e-child\" data-id=\"8aa89ae\" data-element_type=\"container\">\n\t\t\t\t<div class=\"elementor-element elementor-element-c800297 elementor-widget elementor-widget-text-editor\" data-id=\"c800297\" data-element_type=\"widget\" data-widget_type=\"text-editor.default\">\n\t\t\t\t<div class=\"elementor-widget-container\">\n\t\t\t\t\t\t\t<p>\u2013\u00a0<span style=\"font-weight: bolder;\">Cioac\u0103<\/span>, pe coama versantului dinspre Valea Oache\u015fului, la circa 1300 m de \u015foseaua jude\u0163ean\u0103, unde pe o raz\u0103 de circa 100 m, s-au g\u0103sit fragmente ceramice.<\/p>\n<p>\u2013\u00a0<span style=\"font-weight: bolder;\">Podi\u015for,<\/span>\u00a0circa 400 m nord de C\u00e2mpul Spahiului, unde \u00een 1975 s-au g\u0103sit fragmente ceramice, o fusaiol\u0103, silexuri \u015fi jum\u0103tate dintr-un ciocan de piatr\u0103 \u015flefuit\u0103, atribuite epocii bronzului. Descoperirile ulterioare f\u0103cute \u00een acest loc, prin caracteristicile fragmentelor ceramice g\u0103site (imprimeurile din interior spre exterior a relief\u0103rilor rotunde pe buza vaselor, precum \u015fi toartele, care au pozi\u0163ia golului pe vertical\u0103), fac s\u0103 se cread\u0103 c\u0103 aici ar fi fost o a\u015fezare omeneasc\u0103 mai veche dec\u00e2t toate celelalte men\u0163ionate.<\/p>\t\t\t\t\t\t<\/div>\n\t\t\t\t<\/div>\n\t\t\t\t<\/div>\n\t\t<div class=\"elementor-element elementor-element-d30daf0 e-con-full e-flex e-con e-child\" data-id=\"d30daf0\" data-element_type=\"container\">\n\t\t\t\t<div class=\"elementor-element elementor-element-a2234d5 elementor-widget elementor-widget-image\" data-id=\"a2234d5\" data-element_type=\"widget\" data-widget_type=\"image.default\">\n\t\t\t\t<div class=\"elementor-widget-container\">\n\t\t\t\t\t\t\t\t\t\t\t\t\t<img decoding=\"async\" width=\"113\" height=\"177\" src=\"https:\/\/www.primariaturburea.ro\/wp-content\/uploads\/2023\/12\/istoric-3.jpg\" class=\"attachment-large size-large wp-image-1831\" alt=\"\" \/>\t\t\t\t\t\t\t\t\t\t\t\t\t<\/div>\n\t\t\t\t<\/div>\n\t\t\t\t<\/div>\n\t\t\t\t\t<\/div>\n\t\t\t\t<\/div>\n\t\t<div class=\"elementor-element elementor-element-3014789 e-flex e-con-boxed e-con e-parent\" data-id=\"3014789\" data-element_type=\"container\">\n\t\t\t\t\t<div class=\"e-con-inner\">\n\t\t<div class=\"elementor-element elementor-element-e88b437 e-con-full e-flex e-con e-child\" data-id=\"e88b437\" data-element_type=\"container\">\n\t\t\t\t<div class=\"elementor-element elementor-element-f4da2ee elementor-widget elementor-widget-image\" data-id=\"f4da2ee\" data-element_type=\"widget\" data-widget_type=\"image.default\">\n\t\t\t\t<div class=\"elementor-widget-container\">\n\t\t\t\t\t\t\t\t\t\t\t\t\t<img loading=\"lazy\" decoding=\"async\" width=\"195\" height=\"139\" src=\"https:\/\/www.primariaturburea.ro\/wp-content\/uploads\/2023\/12\/istoric-4.jpg\" class=\"attachment-large size-large wp-image-1832\" alt=\"\" \/>\t\t\t\t\t\t\t\t\t\t\t\t\t<\/div>\n\t\t\t\t<\/div>\n\t\t\t\t<\/div>\n\t\t<div class=\"elementor-element elementor-element-787feb4 e-con-full e-flex e-con e-child\" data-id=\"787feb4\" data-element_type=\"container\">\n\t\t\t\t<div class=\"elementor-element elementor-element-e8dbc9c elementor-widget elementor-widget-spacer\" data-id=\"e8dbc9c\" data-element_type=\"widget\" data-widget_type=\"spacer.default\">\n\t\t\t\t<div class=\"elementor-widget-container\">\n\t\t\t\t\t<div class=\"elementor-spacer\">\n\t\t\t<div class=\"elementor-spacer-inner\"><\/div>\n\t\t<\/div>\n\t\t\t\t<\/div>\n\t\t\t\t<\/div>\n\t\t\t\t<div class=\"elementor-element elementor-element-e72b8bf elementor-widget elementor-widget-text-editor\" data-id=\"e72b8bf\" data-element_type=\"widget\" data-widget_type=\"text-editor.default\">\n\t\t\t\t<div class=\"elementor-widget-container\">\n\t\t\t\t\t\t\t<p><span style=\"font-weight: bolder;\">La Muzeul Jude\u0163ean Gorj exist\u0103<\/span>, \u00eenc\u0103 de la constituirea lui de c\u0103tre Alexandru \u015etefulescu (1894), urme ale locuirii V\u0103ii Gilortului din cele mai \u00eendep\u0103rtate vremuri, exponatele provenind din zonele Valea De\u015fului, Aninoasa, Turburea. Astfel, perioada de trecere de la neolitic la epoca bronzului, marcat\u0103 de prezen\u0163a \u201cCulturii Co\u0163ofeni\u201d, este atestat\u0103 \u00een peste 20 de localit\u0103\u0163i gorjene, \u00eentre care \u015fi Turburea.<\/p>\t\t\t\t\t\t<\/div>\n\t\t\t\t<\/div>\n\t\t\t\t<\/div>\n\t\t\t\t\t<\/div>\n\t\t\t\t<\/div>\n\t\t<div class=\"elementor-element elementor-element-441df0c e-flex e-con-boxed e-con e-parent\" data-id=\"441df0c\" data-element_type=\"container\">\n\t\t\t\t\t<div class=\"e-con-inner\">\n\t\t\t\t<div class=\"elementor-element elementor-element-dfed910 elementor-widget elementor-widget-text-editor\" data-id=\"dfed910\" data-element_type=\"widget\" data-widget_type=\"text-editor.default\">\n\t\t\t\t<div class=\"elementor-widget-container\">\n\t\t\t\t\t\t\t<p><strong>Existen\u0163a comunei ca unitate administrativ\u0103<\/strong>\u00a0cu personalitate juridic\u0103 dateaz\u0103 din 1864 \u015fi a luat fiin\u0163\u0103 ca urmare a Legii administrative din 31 martie. \u00cen conformitate cu prevederile acesteia, comuna era alc\u0103tuit\u0103 din mai multe sate sau c\u0103tune a c\u0103ror popula\u0163ie trebuia s\u0103 \u00eensumeze \u00een mod obligatoriu 500 de locuitori sau 100 de familii. Re\u015fedin\u0163a comunei se stabilea, de obicei, \u00een satul cel mai dezvoltat.<\/p>\n<p>Prim\u0103riile comunale erau conduse de un primar \u00eemputernicit cu conducerea treburilor ob\u015fte\u015fti \u015fi de un consiliu comunal care era ales de adunarea aleg\u0103torilor comunei pe timp de doi ani, num\u0103rul membrilor acestuia variind de la 5 la 17 consilieri \u00een raport cu num\u0103rul locuitorilor.<\/p>\n<p><strong>Potrivit legii din 1864<\/strong>\u00a0\u015fi celor ce i-au urmat, prim\u0103riile au avut numeroase \u015fi variate obliga\u0163ii privind activitatea politic\u0103, economic\u0103, socialob\u015fteasc\u0103, sanitar\u0103, educativ\u0103, financiar\u0103, de dezvoltare \u015fi modernizare edilitar\u0103 \u015fi de urm\u0103rire a aplic\u0103rii \u015fi respect\u0103rii legisla\u0163iei.<\/p>\n<p>Institu\u0163ia administrativ\u0103 a comunei Turburea s-a numit prim\u0103rie \u00een anii 1864-1949, comitet provizoriu \u00een 1949-1950, sfat popular \u00een perioada 1950-1968 \u015fi consiliu popular dup\u0103 1968. \u00cen urma apari\u0163iei legii nr. 69\/1991, autonomia local\u0103 la nivel de comun\u0103 realiz\u00e2ndu-se prin dou\u0103 autorit\u0103\u0163i administrative- consiliul comunal ca autoritate deliberativ\u0103 \u015fi primarul ca autoritate executiv\u0103 \u2013 denumirea ei va fi Consiliul Local al ora\u015fului Novaci.<\/p>\n<p>A f\u0103cut parte din plasele Gilort, S\u0103seni, Bibe\u015fti \u015fi Tg-C\u0103rbune\u015fti iar apoi, \u00eentre 1950-1968, din raionul Filia\u015fi. A avut \u00een componen\u0163\u0103 \u00eentre trei \u015fi \u015fase sate. Astfel, \u00eentre 1864 \u015fi 1892 era format\u0103 din satele Turburea de Jos, Turburea de Sus \u015fi Valea Calului. Denumirea satelor componente ale comunei va suferi unele schimb\u0103ri \u00een timp, astfel c\u0103 \u00een 1908, c\u00e2nd are loc o nou\u0103 reorganizare teritorial\u0103, satul Turburea de Jos se va numi Turburea, dar va reveni la denumirea ini\u0163ial\u0103 \u00eentre 1938-1968, iar la \u00eemp\u0103r\u0163irea administrativ\u0103 din 1968 prime\u015fte din nou numele pe care \u00eel va p\u0103stra de atunci \u00eencoace de Turburea. Satul Turburea de Sus \u00ee\u015fi p\u0103streaz\u0103 aceast\u0103 denumire \u00eentre 1892-1968, de la legea administrativ\u0103 din 1968 fiind \u00eenglobat satului Turburea, comuna Turburea. Valea Calului \u015fi-a p\u0103strat aceast\u0103 denumire din 1892 p\u00e2n\u0103 \u00een 1964 c\u00e2nd i se schimb\u0103 numele \u00een \u015eipo\u0163elul, nume pe care \u00eel poart\u0103 p\u00e2n\u0103 \u00een 1968, an \u00een care este \u00eenglobat satului \u015eipotu ce f\u0103cea parte din comuna Turburea de la 1950. Din 1950, celor trei li se adaug\u0103 Spahii \u015fi Bobaia, cel din urm\u0103 doar p\u00e2n\u0103 \u00een 1965 c\u00e2nd revine la comuna Aninoasa.<\/p>\n<p>La ultima schimbare pe care o produce legea administrativ\u0103 din 1968, comuna Turburea prime\u015fte \u00eenc\u0103 dou\u0103 sate \u2013 Cocorova \u015fi Poiana, ambele atribuite administrativ, p\u00e2n\u0103 \u00een 1968, comunei Poiana.<\/p>\t\t\t\t\t\t<\/div>\n\t\t\t\t<\/div>\n\t\t\t\t\t<\/div>\n\t\t\t\t<\/div>\n\t\t<div class=\"elementor-element elementor-element-9b55b28 e-flex e-con-boxed e-con e-parent\" data-id=\"9b55b28\" data-element_type=\"container\">\n\t\t\t\t\t<div class=\"e-con-inner\">\n\t\t\t\t<div class=\"elementor-element elementor-element-6dfdf9a elementor-widget elementor-widget-spacer\" data-id=\"6dfdf9a\" data-element_type=\"widget\" data-widget_type=\"spacer.default\">\n\t\t\t\t<div class=\"elementor-widget-container\">\n\t\t\t\t\t<div class=\"elementor-spacer\">\n\t\t\t<div class=\"elementor-spacer-inner\"><\/div>\n\t\t<\/div>\n\t\t\t\t<\/div>\n\t\t\t\t<\/div>\n\t\t\t\t\t<\/div>\n\t\t\t\t<\/div>\n\t\t\t\t<\/div>\n\t\t","protected":false},"excerpt":{"rendered":"<p>Istoric Din lips\u0103 de surse scrise, pentru a reconstitui c\u00e2t de c\u00e2t trecutul, s-a f\u0103cut uz de o surs\u0103 care nu poart\u0103 integral pecetea adev\u0103rului: tradi\u0163ia oral\u0103. Denumirea toponimic\u0103, povestirea oral\u0103, c\u00e2ntecul popular \u015fi legenda, sunt elemente care vin \u00een sprijinul reconstituirii relative a continuit\u0103\u0163ii a\u015fez\u0103rilor omene\u015fti de ast\u0103zi. Descoperirile arheologice f\u0103cute p\u00e2n\u0103 acum, demonstreaz\u0103 [&hellip;]<\/p>\n","protected":false},"author":1,"featured_media":0,"parent":0,"menu_order":0,"comment_status":"closed","ping_status":"closed","template":"","meta":{"footnotes":""},"class_list":["post-736","page","type-page","status-publish","hentry"],"aioseo_notices":[],"_links":{"self":[{"href":"https:\/\/www.primariaturburea.ro\/index.php\/wp-json\/wp\/v2\/pages\/736","targetHints":{"allow":["GET"]}}],"collection":[{"href":"https:\/\/www.primariaturburea.ro\/index.php\/wp-json\/wp\/v2\/pages"}],"about":[{"href":"https:\/\/www.primariaturburea.ro\/index.php\/wp-json\/wp\/v2\/types\/page"}],"author":[{"embeddable":true,"href":"https:\/\/www.primariaturburea.ro\/index.php\/wp-json\/wp\/v2\/users\/1"}],"replies":[{"embeddable":true,"href":"https:\/\/www.primariaturburea.ro\/index.php\/wp-json\/wp\/v2\/comments?post=736"}],"version-history":[{"count":10,"href":"https:\/\/www.primariaturburea.ro\/index.php\/wp-json\/wp\/v2\/pages\/736\/revisions"}],"predecessor-version":[{"id":1841,"href":"https:\/\/www.primariaturburea.ro\/index.php\/wp-json\/wp\/v2\/pages\/736\/revisions\/1841"}],"wp:attachment":[{"href":"https:\/\/www.primariaturburea.ro\/index.php\/wp-json\/wp\/v2\/media?parent=736"}],"curies":[{"name":"wp","href":"https:\/\/api.w.org\/{rel}","templated":true}]}}