{"id":842,"date":"2023-11-27T12:32:25","date_gmt":"2023-11-27T10:32:25","guid":{"rendered":"https:\/\/primariaturburea.ro\/website_test\/?page_id=842"},"modified":"2023-12-02T21:46:33","modified_gmt":"2023-12-02T19:46:33","slug":"comisii","status":"publish","type":"page","link":"https:\/\/www.primariaturburea.ro\/index.php\/comisii\/","title":{"rendered":"Comisii"},"content":{"rendered":"\n<h2 class=\"wp-block-heading\">Comisii<\/h2>\n\n\n\n<div style=\"height:50px\" aria-hidden=\"true\" class=\"wp-block-spacer\"><\/div>\n\n\n\n<p><strong>I. Comisia juridic\u0103 \u015fi de disciplin\u0103, ap\u0103rarea ordinii \u015fi lini\u015ftii publice, a drepturilor cet\u0103\u0163enilor<\/strong>\u00a0<\/p>\n\n\n\n<figure class=\"wp-block-table\"><table><tbody><tr><td class=\"has-text-align-center\" data-align=\"center\"><strong>Functie<\/strong><\/td><td class=\"has-text-align-center\" data-align=\"center\"><strong>Nume<\/strong><\/td><\/tr><tr><td class=\"has-text-align-center\" data-align=\"center\"><mark style=\"background-color:rgba(0, 0, 0, 0)\" class=\"has-inline-color has-vivid-cyan-blue-color\">Pre\u015fedinte<\/mark><\/td><td class=\"has-text-align-center\" data-align=\"center\">Harca Constantin<\/td><\/tr><tr><td class=\"has-text-align-center\" data-align=\"center\"><mark style=\"background-color:rgba(0, 0, 0, 0)\" class=\"has-inline-color has-vivid-purple-color\">Secretar<\/mark><\/td><td class=\"has-text-align-center\" data-align=\"center\">Fundeanu Doru<\/td><\/tr><tr><td class=\"has-text-align-center\" data-align=\"center\">Membru<\/td><td class=\"has-text-align-center\" data-align=\"center\">Anghel Paulina<\/td><\/tr><tr><td class=\"has-text-align-center\" data-align=\"center\">Membru<\/td><td class=\"has-text-align-center\" data-align=\"center\">Nicolici Marin<\/td><\/tr><tr><td class=\"has-text-align-center\" data-align=\"center\">Membru<\/td><td class=\"has-text-align-center\" data-align=\"center\">Daju Constantin<\/td><\/tr><\/tbody><\/table><\/figure>\n\n\n\n<hr class=\"wp-block-separator has-alpha-channel-opacity\"\/>\n\n\n\n<div style=\"height:50px\" aria-hidden=\"true\" class=\"wp-block-spacer\"><\/div>\n\n\n\n<p><strong>II. Comisia pentru activit\u0103\u0163i economico-financiare, amenajararea teritoriului \u015fi urbanism, agricultur\u0103, gospod\u0103rire comunal\u0103, protec\u0163ia mediului \u015fi turism<\/strong><\/p>\n\n\n\n<figure class=\"wp-block-table\"><table><tbody><tr><td class=\"has-text-align-center\" data-align=\"center\"><strong><strong>Functie<\/strong><\/strong><\/td><td class=\"has-text-align-center\" data-align=\"center\"><strong>Nume<\/strong><\/td><\/tr><tr><td class=\"has-text-align-center\" data-align=\"center\"><mark style=\"background-color:rgba(0, 0, 0, 0)\" class=\"has-inline-color has-vivid-cyan-blue-color\">Pre\u015fedinte<\/mark><\/td><td class=\"has-text-align-center\" data-align=\"center\">Seler Ionu\u0163 Daniel<\/td><\/tr><tr><td class=\"has-text-align-center\" data-align=\"center\"><mark style=\"background-color:rgba(0, 0, 0, 0)\" class=\"has-inline-color has-vivid-purple-color\">Secretar<\/mark><\/td><td class=\"has-text-align-center\" data-align=\"center\">Enculescu Mihai<\/td><\/tr><tr><td class=\"has-text-align-center\" data-align=\"center\">Membru<\/td><td class=\"has-text-align-center\" data-align=\"center\">Daju \u015etefan<\/td><\/tr><tr><td class=\"has-text-align-center\" data-align=\"center\">Membru<\/td><td class=\"has-text-align-center\" data-align=\"center\">Enache Constantin<\/td><\/tr><tr><td class=\"has-text-align-center\" data-align=\"center\">Membru<\/td><td class=\"has-text-align-center\" data-align=\"center\">Nicolici Marin<\/td><\/tr><\/tbody><\/table><\/figure>\n\n\n\n<hr class=\"wp-block-separator has-alpha-channel-opacity\"\/>\n\n\n\n<div style=\"height:50px\" aria-hidden=\"true\" class=\"wp-block-spacer\"><\/div>\n\n\n\n<p><strong>III. Comisia \u00eenv\u0103\u0163\u0103m\u00e2nt, s\u0103n\u0103tate \u015fi familie, activit\u0103\u0163i social-culturale, culte, protec\u0163ie copii, munc\u0103 \u015fi protec\u0163ie social\u0103<\/strong><\/p>\n\n\n\n<figure class=\"wp-block-table\"><table><tbody><tr><td class=\"has-text-align-center\" data-align=\"center\"><strong><strong>Functie<\/strong><\/strong><\/td><td class=\"has-text-align-center\" data-align=\"center\"><strong>Nume<\/strong><\/td><\/tr><tr><td class=\"has-text-align-center\" data-align=\"center\"><mark style=\"background-color:rgba(0, 0, 0, 0)\" class=\"has-inline-color has-vivid-cyan-blue-color\">Pre\u015fedinte<\/mark><\/td><td class=\"has-text-align-center\" data-align=\"center\">Pu\u015fcu Marioara<\/td><\/tr><tr><td class=\"has-text-align-center\" data-align=\"center\"><mark style=\"background-color:rgba(0, 0, 0, 0)\" class=\"has-inline-color has-vivid-purple-color\">Secretar<\/mark><\/td><td class=\"has-text-align-center\" data-align=\"center\">Cojocaru Marin<\/td><\/tr><tr><td class=\"has-text-align-center\" data-align=\"center\">Membru<\/td><td class=\"has-text-align-center\" data-align=\"center\">Fundeanu Doru<\/td><\/tr><tr><td class=\"has-text-align-center\" data-align=\"center\">Membru<\/td><td class=\"has-text-align-center\" data-align=\"center\">Baran Victor<\/td><\/tr><tr><td class=\"has-text-align-center\" data-align=\"center\">Membru<\/td><td class=\"has-text-align-center\" data-align=\"center\">Pu\u015fcu Titu<\/td><\/tr><\/tbody><\/table><\/figure>\n\n\n\n<hr class=\"wp-block-separator has-alpha-channel-opacity\"\/>\n\n\n\n<div style=\"height:50px\" aria-hidden=\"true\" class=\"wp-block-spacer\"><\/div>\n","protected":false},"excerpt":{"rendered":"<p>Comisii I. Comisia juridic\u0103 \u015fi de disciplin\u0103, ap\u0103rarea ordinii \u015fi lini\u015ftii publice, a drepturilor cet\u0103\u0163enilor\u00a0 Functie Nume Pre\u015fedinte Harca Constantin Secretar Fundeanu Doru Membru Anghel Paulina Membru Nicolici Marin Membru Daju Constantin II. Comisia pentru activit\u0103\u0163i economico-financiare, amenajararea teritoriului \u015fi urbanism, agricultur\u0103, gospod\u0103rire comunal\u0103, protec\u0163ia mediului \u015fi turism Functie Nume Pre\u015fedinte Seler Ionu\u0163 Daniel Secretar [&hellip;]<\/p>\n","protected":false},"author":1,"featured_media":0,"parent":0,"menu_order":0,"comment_status":"closed","ping_status":"closed","template":"","meta":{"footnotes":""},"class_list":["post-842","page","type-page","status-publish","hentry"],"aioseo_notices":[],"_links":{"self":[{"href":"https:\/\/www.primariaturburea.ro\/index.php\/wp-json\/wp\/v2\/pages\/842","targetHints":{"allow":["GET"]}}],"collection":[{"href":"https:\/\/www.primariaturburea.ro\/index.php\/wp-json\/wp\/v2\/pages"}],"about":[{"href":"https:\/\/www.primariaturburea.ro\/index.php\/wp-json\/wp\/v2\/types\/page"}],"author":[{"embeddable":true,"href":"https:\/\/www.primariaturburea.ro\/index.php\/wp-json\/wp\/v2\/users\/1"}],"replies":[{"embeddable":true,"href":"https:\/\/www.primariaturburea.ro\/index.php\/wp-json\/wp\/v2\/comments?post=842"}],"version-history":[{"count":4,"href":"https:\/\/www.primariaturburea.ro\/index.php\/wp-json\/wp\/v2\/pages\/842\/revisions"}],"predecessor-version":[{"id":1390,"href":"https:\/\/www.primariaturburea.ro\/index.php\/wp-json\/wp\/v2\/pages\/842\/revisions\/1390"}],"wp:attachment":[{"href":"https:\/\/www.primariaturburea.ro\/index.php\/wp-json\/wp\/v2\/media?parent=842"}],"curies":[{"name":"wp","href":"https:\/\/api.w.org\/{rel}","templated":true}]}}